{"id":1409,"date":"2020-07-27T12:13:52","date_gmt":"2020-07-27T10:13:52","guid":{"rendered":"https:\/\/sole.promoservicebeta.com\/trentino-guest-card\/"},"modified":"2020-08-04T15:06:15","modified_gmt":"2020-08-04T13:06:15","slug":"garda-guest-card","status":"publish","type":"page","link":"https:\/\/www.hotelsoleriva.it\/de\/garda-guest-card\/","title":{"rendered":"Garda Guest Card"},"content":{"rendered":"<div  class=\"grids-section grids-is-advanced alignwide\" style=\"--_gs-gap-desktop:0px 0px;--_gs-m-desktop:0 0 0 0;--_gs-p-desktop:0 0 0 0;--_gs-bg-desktop:transparent none;--_gs-bg-xp-desktop:0px;--_gs-zi-desktop:auto;--_gs-d-desktop:block;--_gs-mw-desktop:calc(100% - 0 - 0);--_gs-gap-tablet:0px 0px;--_gs-m-tablet:0 0 0 0;--_gs-p-tablet:0 0 0 0;--_gs-bg-tablet:transparent none;--_gs-bg-xp-tablet:0px;--_gs-zi-tablet:auto;--_gs-d-tablet:block;--_gs-mw-tablet:calc(100% - 0 - 0);--_gs-gap-mobile:0px 0px;--_gs-m-mobile:0 0 0 0;--_gs-p-mobile:0 0 0 0;--_gs-bg-mobile:transparent none;--_gs-bg-xp-mobile:0px;--_gs-zi-mobile:auto;--_gs-d-mobile:block;--_gs-mw-mobile:calc(100% - 0 - 0);--_gs-columns:12;--_gs-rows:6\"><div class=\"grids-s-w_i\">\n<div class=\"grids-area\" style=\"--_ga-column:1\/7;--_ga-row:1\/2;--_ga-va:center;--_ga-m-desktop:0 15px 0 0;--_ga-p-desktop:0px 60px 0px 0px;--_ga-bg-desktop:transparent none;--_ga-zi-desktop:auto;--_ga-d-desktop:flex;--_ga-mw-desktop:calc(100% - 0 - 15px);--_ga-m-tablet:0 15px 0 0;--_ga-p-tablet:0px 60px 0px 0px;--_ga-bg-tablet:transparent none;--_ga-zi-tablet:auto;--_ga-d-tablet:flex;--_ga-mw-tablet:calc(100% - 0 - 15px);--_ga-m-mobile:0 15px 0 0;--_ga-p-mobile:0px 60px 0px 0px;--_ga-bg-mobile:transparent none;--_ga-zi-mobile:auto;--_ga-d-mobile:flex;--_ga-mw-mobile:calc(100% - 0 - 15px)\">\n\n<h2 class=\"wp-block-heading\">Garda Guest Card<\/h2>\n\n\n\n<div style=\"height:32px\" aria-hidden=\"true\" class=\"wp-block-spacer\"><\/div>\n\n\n\n<p><strong><strong>Urlaub mit Erlebnisgarantie!<\/strong><\/strong><br>Ein Urlaub mit vielen inklusiven Leistungen.<br>Mit der Garda Guest Card hat Man freien Eintritt in die meisten Museen, Schl\u00f6sser und Naturparks, kann \u00f6ffentliche Verkehrsmittel benutzen und erh\u00e4lt Erm\u00e4\u00dfigungen f\u00fcr viele Dienstleistungen, hat Zutritt zu vielen Sehensw\u00fcrdigkeiten ohne Schlange zu stehen und kann an F\u00fchrungen und Verkostungen teilnehmen.<br>Die Card bietet folgende Leistungen:<\/p>\n\n\n\n<ul class=\"wp-block-list\"><li>kostenlose Nutzung aller \u00f6ffentlichen Verkehrsmittel im Trentino, einschlie\u00dflich Z\u00fcgen, Schiffen und einigen Seilbahnen;<\/li><li>freier Eintritt in \u00fcber 60 Museen, darunter Muse und Mart;<\/li><li>kostenlose Besichtigung von 20 Schl\u00f6ssern und 40 weiteren Sehensw\u00fcrdigkeiten, darunter die Arena von Verona;<\/li><li>Verkostung und Kauf von typischen regionalen Produkten direkt beim Erzeuger und kostenlose Teilnahme an F\u00fchrungen;<\/li><li>Viele weitere Verg\u00fcnstigungen f\u00fcr verschiedene Dienstleistungen.<\/li><\/ul>\n\n\n\n<div style=\"height:30px\" aria-hidden=\"true\" class=\"wp-block-spacer\"><\/div>\n\n\n\n<p class=\"fascia_verde_parcheggio\"><strong><strong>Garda Guest Card ist kostenlos mit einem Aufenthalt von mindestens 2 N\u00e4chte.<\/strong><\/strong><br>Weitere Informationen finden Sie unter:<br><a href=\"https:\/\/www.gardatrentino.it\/de\/Garda-Guest-Card\/\"><a href=\"https:\/\/www.gardatrentino.it\/de\/Garda-Guest-Card\/\">https:\/\/www.gardatrentino.it\/de\/Garda-Guest-Card\/<\/a><\/a><\/p>\n\n<\/div>\n\n<div class=\"grids-area\" style=\"--_ga-column:7\/14;--_ga-row:1\/2;--_ga-m-desktop:0 0 0 0;--_ga-p-desktop:0 0 0 0;--_ga-bg-desktop:transparent none;--_ga-zi-desktop:auto;--_ga-d-desktop:flex;--_ga-mw-desktop:calc(100% - 0 - 0);--_ga-m-tablet:0 0 0 0;--_ga-p-tablet:0 0 0 0;--_ga-bg-tablet:transparent none;--_ga-zi-tablet:auto;--_ga-d-tablet:flex;--_ga-mw-tablet:calc(100% - 0 - 0);--_ga-m-mobile:0 0 0 0;--_ga-p-mobile:0 0 0 0;--_ga-bg-mobile:transparent none;--_ga-zi-mobile:auto;--_ga-d-mobile:flex;--_ga-mw-mobile:calc(100% - 0 - 0)\">\n\n<figure class=\"wp-block-gallery columns-3 is-cropped wp-block-gallery-2\"><ul class=\"blocks-gallery-grid\"><li class=\"blocks-gallery-item\"><figure><img decoding=\"async\" width=\"1024\" height=\"513\" src=\"https:\/\/hotelsoleriva.it\/wp-content\/uploads\/2020\/07\/img_6896_ph.-pillow-lab_2@2x.jpeg\" alt=\"\" data-id=\"1302\" data-full-url=\"https:\/\/hotelsoleriva.it\/wp-content\/uploads\/2020\/07\/img_6896_ph.-pillow-lab_2@2x.jpeg\" data-link=\"https:\/\/hotelsoleriva.it\/it\/trentino-guest-card\/img_6896_ph-pillow-lab_22x\/\" class=\"wp-image-1302\" srcset=\"https:\/\/www.hotelsoleriva.it\/wp-content\/uploads\/2020\/07\/img_6896_ph.-pillow-lab_2@2x.jpeg 1024w, https:\/\/www.hotelsoleriva.it\/wp-content\/uploads\/2020\/07\/img_6896_ph.-pillow-lab_2@2x-300x150.jpeg 300w, https:\/\/www.hotelsoleriva.it\/wp-content\/uploads\/2020\/07\/img_6896_ph.-pillow-lab_2@2x-768x385.jpeg 768w\" sizes=\"(max-width: 1024px) 100vw, 1024px\" \/><\/figure><\/li><li class=\"blocks-gallery-item\"><figure><img decoding=\"async\" width=\"1000\" height=\"563\" src=\"https:\/\/hotelsoleriva.it\/wp-content\/uploads\/2020\/07\/bici2.jpg\" alt=\"\" data-id=\"826\" data-full-url=\"https:\/\/hotelsoleriva.it\/wp-content\/uploads\/2020\/07\/bici2.jpg\" data-link=\"https:\/\/hotelsoleriva.it\/it\/percorsi-in-bici\/bici2\/\" class=\"wp-image-826\" srcset=\"https:\/\/www.hotelsoleriva.it\/wp-content\/uploads\/2020\/07\/bici2.jpg 1000w, https:\/\/www.hotelsoleriva.it\/wp-content\/uploads\/2020\/07\/bici2-300x169.jpg 300w, https:\/\/www.hotelsoleriva.it\/wp-content\/uploads\/2020\/07\/bici2-768x432.jpg 768w\" sizes=\"(max-width: 1000px) 100vw, 1000px\" \/><\/figure><\/li><li class=\"blocks-gallery-item\"><figure><img decoding=\"async\" width=\"1024\" height=\"683\" src=\"https:\/\/hotelsoleriva.it\/wp-content\/uploads\/2020\/07\/15-1024x683.jpg\" alt=\"\" data-id=\"728\" data-full-url=\"https:\/\/hotelsoleriva.it\/wp-content\/uploads\/2020\/07\/15.jpg\" data-link=\"https:\/\/hotelsoleriva.it\/it\/offerte\/vip-spa\/attachment\/15\/\" class=\"wp-image-728\" srcset=\"https:\/\/www.hotelsoleriva.it\/wp-content\/uploads\/2020\/07\/15-1024x683.jpg 1024w, https:\/\/www.hotelsoleriva.it\/wp-content\/uploads\/2020\/07\/15-300x200.jpg 300w, https:\/\/www.hotelsoleriva.it\/wp-content\/uploads\/2020\/07\/15-768x512.jpg 768w, https:\/\/www.hotelsoleriva.it\/wp-content\/uploads\/2020\/07\/15-1536x1024.jpg 1536w, https:\/\/www.hotelsoleriva.it\/wp-content\/uploads\/2020\/07\/15-1200x800.jpg 1200w, https:\/\/www.hotelsoleriva.it\/wp-content\/uploads\/2020\/07\/15.jpg 1600w\" sizes=\"(max-width: 1024px) 100vw, 1024px\" \/><\/figure><\/li><li class=\"blocks-gallery-item\"><figure><img decoding=\"async\" width=\"1024\" height=\"682\" src=\"https:\/\/hotelsoleriva.it\/wp-content\/uploads\/2020\/07\/NIC6823-copia-1-1024x682.jpg\" alt=\"\" data-id=\"643\" data-full-url=\"https:\/\/hotelsoleriva.it\/wp-content\/uploads\/2020\/07\/NIC6823-copia-1.jpg\" data-link=\"https:\/\/hotelsoleriva.it\/it\/offerte\/grande-vacanza-piccolo-prezzo\/_nic6823-copia\/\" class=\"wp-image-643\" srcset=\"https:\/\/www.hotelsoleriva.it\/wp-content\/uploads\/2020\/07\/NIC6823-copia-1-1024x682.jpg 1024w, https:\/\/www.hotelsoleriva.it\/wp-content\/uploads\/2020\/07\/NIC6823-copia-1-300x200.jpg 300w, https:\/\/www.hotelsoleriva.it\/wp-content\/uploads\/2020\/07\/NIC6823-copia-1-768x512.jpg 768w, https:\/\/www.hotelsoleriva.it\/wp-content\/uploads\/2020\/07\/NIC6823-copia-1-1536x1023.jpg 1536w, https:\/\/www.hotelsoleriva.it\/wp-content\/uploads\/2020\/07\/NIC6823-copia-1-1200x799.jpg 1200w, https:\/\/www.hotelsoleriva.it\/wp-content\/uploads\/2020\/07\/NIC6823-copia-1.jpg 1800w\" sizes=\"(max-width: 1024px) 100vw, 1024px\" \/><\/figure><\/li><li class=\"blocks-gallery-item\"><figure><img decoding=\"async\" width=\"1024\" height=\"682\" src=\"https:\/\/hotelsoleriva.it\/wp-content\/uploads\/2020\/07\/1098670_IMG_ASF-1024x682.jpg\" alt=\"\" data-id=\"443\" data-full-url=\"https:\/\/hotelsoleriva.it\/wp-content\/uploads\/2020\/07\/1098670_IMG_ASF.jpg\" data-link=\"https:\/\/hotelsoleriva.it\/it\/camere\/standard\/1098670_img_asf\/\" class=\"wp-image-443\" srcset=\"https:\/\/www.hotelsoleriva.it\/wp-content\/uploads\/2020\/07\/1098670_IMG_ASF-1024x682.jpg 1024w, https:\/\/www.hotelsoleriva.it\/wp-content\/uploads\/2020\/07\/1098670_IMG_ASF-300x200.jpg 300w, https:\/\/www.hotelsoleriva.it\/wp-content\/uploads\/2020\/07\/1098670_IMG_ASF-768x512.jpg 768w, https:\/\/www.hotelsoleriva.it\/wp-content\/uploads\/2020\/07\/1098670_IMG_ASF-1536x1024.jpg 1536w, https:\/\/www.hotelsoleriva.it\/wp-content\/uploads\/2020\/07\/1098670_IMG_ASF-2048x1365.jpg 2048w, https:\/\/www.hotelsoleriva.it\/wp-content\/uploads\/2020\/07\/1098670_IMG_ASF-1200x800.jpg 1200w, https:\/\/www.hotelsoleriva.it\/wp-content\/uploads\/2020\/07\/1098670_IMG_ASF-1980x1319.jpg 1980w\" sizes=\"(max-width: 1024px) 100vw, 1024px\" \/><\/figure><\/li><li class=\"blocks-gallery-item\"><figure><img decoding=\"async\" width=\"1024\" height=\"414\" src=\"https:\/\/hotelsoleriva.it\/wp-content\/uploads\/2020\/07\/sole-riva-welcome-1024x414.jpg\" alt=\"\" data-id=\"132\" data-full-url=\"https:\/\/hotelsoleriva.it\/wp-content\/uploads\/2020\/07\/sole-riva-welcome.jpg\" data-link=\"https:\/\/hotelsoleriva.it\/it\/pagina-di-esempio\/sole-riva-welcome\/\" class=\"wp-image-132\" srcset=\"https:\/\/www.hotelsoleriva.it\/wp-content\/uploads\/2020\/07\/sole-riva-welcome-1024x414.jpg 1024w, https:\/\/www.hotelsoleriva.it\/wp-content\/uploads\/2020\/07\/sole-riva-welcome-300x121.jpg 300w, https:\/\/www.hotelsoleriva.it\/wp-content\/uploads\/2020\/07\/sole-riva-welcome-768x311.jpg 768w, https:\/\/www.hotelsoleriva.it\/wp-content\/uploads\/2020\/07\/sole-riva-welcome-1536x622.jpg 1536w, https:\/\/www.hotelsoleriva.it\/wp-content\/uploads\/2020\/07\/sole-riva-welcome-1200x486.jpg 1200w, https:\/\/www.hotelsoleriva.it\/wp-content\/uploads\/2020\/07\/sole-riva-welcome.jpg 1680w\" sizes=\"(max-width: 1024px) 100vw, 1024px\" \/><\/figure><\/li><li class=\"blocks-gallery-item\"><figure><img decoding=\"async\" width=\"1024\" height=\"549\" src=\"https:\/\/hotelsoleriva.it\/wp-content\/uploads\/2020\/07\/sole-riva-offers-1024x549.jpg\" alt=\"\" data-id=\"147\" data-full-url=\"https:\/\/hotelsoleriva.it\/wp-content\/uploads\/2020\/07\/sole-riva-offers.jpg\" data-link=\"https:\/\/hotelsoleriva.it\/it\/pagina-di-esempio\/sole-riva-offers\/\" class=\"wp-image-147\" srcset=\"https:\/\/www.hotelsoleriva.it\/wp-content\/uploads\/2020\/07\/sole-riva-offers-1024x549.jpg 1024w, https:\/\/www.hotelsoleriva.it\/wp-content\/uploads\/2020\/07\/sole-riva-offers-300x161.jpg 300w, https:\/\/www.hotelsoleriva.it\/wp-content\/uploads\/2020\/07\/sole-riva-offers-768x412.jpg 768w, https:\/\/www.hotelsoleriva.it\/wp-content\/uploads\/2020\/07\/sole-riva-offers-1536x823.jpg 1536w, https:\/\/www.hotelsoleriva.it\/wp-content\/uploads\/2020\/07\/sole-riva-offers-1200x643.jpg 1200w, https:\/\/www.hotelsoleriva.it\/wp-content\/uploads\/2020\/07\/sole-riva-offers.jpg 1679w\" sizes=\"(max-width: 1024px) 100vw, 1024px\" \/><\/figure><\/li><li class=\"blocks-gallery-item\"><figure><img decoding=\"async\" width=\"1024\" height=\"684\" src=\"https:\/\/hotelsoleriva.it\/wp-content\/uploads\/2020\/07\/riva5-1-1024x684.jpg\" alt=\"\" data-id=\"1313\" data-full-url=\"https:\/\/hotelsoleriva.it\/wp-content\/uploads\/2020\/07\/riva5-1.jpg\" data-link=\"https:\/\/hotelsoleriva.it\/it\/trentino-guest-card\/riva5-1\/\" class=\"wp-image-1313 is-layout-flex wp-block-gallery-is-layout-flex\" srcset=\"https:\/\/www.hotelsoleriva.it\/wp-content\/uploads\/2020\/07\/riva5-1-1024x684.jpg 1024w, https:\/\/www.hotelsoleriva.it\/wp-content\/uploads\/2020\/07\/riva5-1-300x200.jpg 300w, https:\/\/www.hotelsoleriva.it\/wp-content\/uploads\/2020\/07\/riva5-1-768x513.jpg 768w, https:\/\/www.hotelsoleriva.it\/wp-content\/uploads\/2020\/07\/riva5-1.jpg 1200w\" sizes=\"(max-width: 1024px) 100vw, 1024px\" \/><\/figure><\/li><\/ul><\/figure>\n\n<\/div>\n<\/div><\/div>\n\n<div  class=\"grids-section grids-is-advanced alignwide\" style=\"--_gs-gap-desktop:0px 0px;--_gs-m-desktop:0 0 0 0;--_gs-p-desktop:0 0 0 0;--_gs-bg-desktop:transparent none;--_gs-bg-xp-desktop:0px;--_gs-zi-desktop:auto;--_gs-d-desktop:block;--_gs-mw-desktop:calc(100% - 0 - 0);--_gs-gap-tablet:0px 0px;--_gs-m-tablet:0 0 0 0;--_gs-p-tablet:0 0 0 0;--_gs-bg-tablet:transparent none;--_gs-bg-xp-tablet:0px;--_gs-zi-tablet:auto;--_gs-d-tablet:block;--_gs-mw-tablet:calc(100% - 0 - 0);--_gs-gap-mobile:0px 0px;--_gs-m-mobile:0 0 0 0;--_gs-p-mobile:0 0 0 0;--_gs-bg-mobile:transparent none;--_gs-bg-xp-mobile:0px;--_gs-zi-mobile:auto;--_gs-d-mobile:block;--_gs-mw-mobile:calc(100% - 0 - 0);--_gs-columns:12;--_gs-rows:6\"><div class=\"grids-s-w_i\">\n<div class=\"grids-area\" style=\"--_ga-column:1\/13;--_ga-row:1\/2;--_ga-m-desktop:0 0 0 0;--_ga-p-desktop:0 0 0 0;--_ga-bg-desktop:transparent none;--_ga-zi-desktop:auto;--_ga-d-desktop:flex;--_ga-mw-desktop:calc(100% - 0 - 0);--_ga-m-tablet:0 0 0 0;--_ga-p-tablet:0 0 0 0;--_ga-bg-tablet:transparent none;--_ga-zi-tablet:auto;--_ga-d-tablet:flex;--_ga-mw-tablet:calc(100% - 0 - 0);--_ga-m-mobile:0 0 0 0;--_ga-p-mobile:0 0 0 0;--_ga-bg-mobile:transparent none;--_ga-zi-mobile:auto;--_ga-d-mobile:flex;--_ga-mw-mobile:calc(100% - 0 - 0)\"><\/div>\n<\/div><\/div>","protected":false},"excerpt":{"rendered":"","protected":false},"author":1,"featured_media":3897,"parent":0,"menu_order":0,"comment_status":"closed","ping_status":"closed","template":"templates\/template-full-width.php","meta":{"_acf_changed":false,"advgb_blocks_editor_width":"","advgb_blocks_columns_visual_guide":"","footnotes":""},"class_list":["post-1409","page","type-page","status-publish","has-post-thumbnail","hentry"],"acf":[],"yoast_head":"<!-- This site is optimized with the Yoast SEO plugin v25.7 - https:\/\/yoast.com\/wordpress\/plugins\/seo\/ -->\n<title>Garda Guest Card - Hotel Sole<\/title>\n<meta name=\"robots\" content=\"index, follow, max-snippet:-1, max-image-preview:large, max-video-preview:-1\" \/>\n<link rel=\"canonical\" href=\"https:\/\/www.hotelsoleriva.it\/de\/garda-guest-card\/\" \/>\n<meta property=\"og:locale\" content=\"de_DE\" \/>\n<meta property=\"og:type\" content=\"article\" \/>\n<meta property=\"og:title\" content=\"Garda Guest Card - Hotel Sole\" \/>\n<meta property=\"og:url\" content=\"https:\/\/www.hotelsoleriva.it\/de\/garda-guest-card\/\" \/>\n<meta property=\"og:site_name\" content=\"Hotel Sole\" \/>\n<meta property=\"article:modified_time\" content=\"2020-08-04T13:06:15+00:00\" \/>\n<meta property=\"og:image\" content=\"https:\/\/www.hotelsoleriva.it\/wp-content\/uploads\/2020\/08\/Hotel_Sole_Garda_Guest_card.jpg\" \/>\n\t<meta property=\"og:image:width\" content=\"2000\" \/>\n\t<meta property=\"og:image:height\" content=\"470\" \/>\n\t<meta property=\"og:image:type\" content=\"image\/jpeg\" \/>\n<meta name=\"twitter:card\" content=\"summary_large_image\" \/>\n<meta name=\"twitter:label1\" content=\"Gesch\u00e4tzte Lesezeit\" \/>\n\t<meta name=\"twitter:data1\" content=\"1\u00a0Minute\" \/>\n<script type=\"application\/ld+json\" class=\"yoast-schema-graph\">{\"@context\":\"https:\/\/schema.org\",\"@graph\":[{\"@type\":\"WebPage\",\"@id\":\"https:\/\/www.hotelsoleriva.it\/de\/garda-guest-card\/\",\"url\":\"https:\/\/www.hotelsoleriva.it\/de\/garda-guest-card\/\",\"name\":\"Garda Guest Card - Hotel Sole\",\"isPartOf\":{\"@id\":\"https:\/\/www.hotelsoleriva.it\/de\/#website\"},\"primaryImageOfPage\":{\"@id\":\"https:\/\/www.hotelsoleriva.it\/de\/garda-guest-card\/#primaryimage\"},\"image\":{\"@id\":\"https:\/\/www.hotelsoleriva.it\/de\/garda-guest-card\/#primaryimage\"},\"thumbnailUrl\":\"https:\/\/www.hotelsoleriva.it\/wp-content\/uploads\/2023\/05\/garda_guest_card.jpg\",\"datePublished\":\"2020-07-27T10:13:52+00:00\",\"dateModified\":\"2020-08-04T13:06:15+00:00\",\"breadcrumb\":{\"@id\":\"https:\/\/www.hotelsoleriva.it\/de\/garda-guest-card\/#breadcrumb\"},\"inLanguage\":\"de\",\"potentialAction\":[{\"@type\":\"ReadAction\",\"target\":[\"https:\/\/www.hotelsoleriva.it\/de\/garda-guest-card\/\"]}]},{\"@type\":\"ImageObject\",\"inLanguage\":\"de\",\"@id\":\"https:\/\/www.hotelsoleriva.it\/de\/garda-guest-card\/#primaryimage\",\"url\":\"https:\/\/www.hotelsoleriva.it\/wp-content\/uploads\/2023\/05\/garda_guest_card.jpg\",\"contentUrl\":\"https:\/\/www.hotelsoleriva.it\/wp-content\/uploads\/2023\/05\/garda_guest_card.jpg\",\"width\":2000,\"height\":1333},{\"@type\":\"BreadcrumbList\",\"@id\":\"https:\/\/www.hotelsoleriva.it\/de\/garda-guest-card\/#breadcrumb\",\"itemListElement\":[{\"@type\":\"ListItem\",\"position\":1,\"name\":\"Home\",\"item\":\"https:\/\/www.hotelsoleriva.it\/de\/\"},{\"@type\":\"ListItem\",\"position\":2,\"name\":\"Garda Guest Card\"}]},{\"@type\":\"WebSite\",\"@id\":\"https:\/\/www.hotelsoleriva.it\/de\/#website\",\"url\":\"https:\/\/www.hotelsoleriva.it\/de\/\",\"name\":\"Hotel Sole\",\"description\":\"Im Zentrum von Riva am Gardasee\",\"publisher\":{\"@id\":\"https:\/\/www.hotelsoleriva.it\/de\/#organization\"},\"potentialAction\":[{\"@type\":\"SearchAction\",\"target\":{\"@type\":\"EntryPoint\",\"urlTemplate\":\"https:\/\/www.hotelsoleriva.it\/de\/?s={search_term_string}\"},\"query-input\":{\"@type\":\"PropertyValueSpecification\",\"valueRequired\":true,\"valueName\":\"search_term_string\"}}],\"inLanguage\":\"de\"},{\"@type\":\"Organization\",\"@id\":\"https:\/\/www.hotelsoleriva.it\/de\/#organization\",\"name\":\"Hotel Sole\",\"url\":\"https:\/\/www.hotelsoleriva.it\/de\/\",\"logo\":{\"@type\":\"ImageObject\",\"inLanguage\":\"de\",\"@id\":\"https:\/\/www.hotelsoleriva.it\/de\/#\/schema\/logo\/image\/\",\"url\":\"https:\/\/www.hotelsoleriva.it\/wp-content\/uploads\/2024\/03\/hotel-sole.png\",\"contentUrl\":\"https:\/\/www.hotelsoleriva.it\/wp-content\/uploads\/2024\/03\/hotel-sole.png\",\"width\":1200,\"height\":330,\"caption\":\"Hotel Sole\"},\"image\":{\"@id\":\"https:\/\/www.hotelsoleriva.it\/de\/#\/schema\/logo\/image\/\"}}]}<\/script>\n<!-- \/ Yoast SEO plugin. -->","yoast_head_json":{"title":"Garda Guest Card - Hotel Sole","robots":{"index":"index","follow":"follow","max-snippet":"max-snippet:-1","max-image-preview":"max-image-preview:large","max-video-preview":"max-video-preview:-1"},"canonical":"https:\/\/www.hotelsoleriva.it\/de\/garda-guest-card\/","og_locale":"de_DE","og_type":"article","og_title":"Garda Guest Card - Hotel Sole","og_url":"https:\/\/www.hotelsoleriva.it\/de\/garda-guest-card\/","og_site_name":"Hotel Sole","article_modified_time":"2020-08-04T13:06:15+00:00","og_image":[{"width":2000,"height":470,"url":"https:\/\/www.hotelsoleriva.it\/wp-content\/uploads\/2020\/08\/Hotel_Sole_Garda_Guest_card.jpg","type":"image\/jpeg"}],"twitter_card":"summary_large_image","twitter_misc":{"Gesch\u00e4tzte Lesezeit":"1\u00a0Minute"},"schema":{"@context":"https:\/\/schema.org","@graph":[{"@type":"WebPage","@id":"https:\/\/www.hotelsoleriva.it\/de\/garda-guest-card\/","url":"https:\/\/www.hotelsoleriva.it\/de\/garda-guest-card\/","name":"Garda Guest Card - Hotel Sole","isPartOf":{"@id":"https:\/\/www.hotelsoleriva.it\/de\/#website"},"primaryImageOfPage":{"@id":"https:\/\/www.hotelsoleriva.it\/de\/garda-guest-card\/#primaryimage"},"image":{"@id":"https:\/\/www.hotelsoleriva.it\/de\/garda-guest-card\/#primaryimage"},"thumbnailUrl":"https:\/\/www.hotelsoleriva.it\/wp-content\/uploads\/2023\/05\/garda_guest_card.jpg","datePublished":"2020-07-27T10:13:52+00:00","dateModified":"2020-08-04T13:06:15+00:00","breadcrumb":{"@id":"https:\/\/www.hotelsoleriva.it\/de\/garda-guest-card\/#breadcrumb"},"inLanguage":"de","potentialAction":[{"@type":"ReadAction","target":["https:\/\/www.hotelsoleriva.it\/de\/garda-guest-card\/"]}]},{"@type":"ImageObject","inLanguage":"de","@id":"https:\/\/www.hotelsoleriva.it\/de\/garda-guest-card\/#primaryimage","url":"https:\/\/www.hotelsoleriva.it\/wp-content\/uploads\/2023\/05\/garda_guest_card.jpg","contentUrl":"https:\/\/www.hotelsoleriva.it\/wp-content\/uploads\/2023\/05\/garda_guest_card.jpg","width":2000,"height":1333},{"@type":"BreadcrumbList","@id":"https:\/\/www.hotelsoleriva.it\/de\/garda-guest-card\/#breadcrumb","itemListElement":[{"@type":"ListItem","position":1,"name":"Home","item":"https:\/\/www.hotelsoleriva.it\/de\/"},{"@type":"ListItem","position":2,"name":"Garda Guest Card"}]},{"@type":"WebSite","@id":"https:\/\/www.hotelsoleriva.it\/de\/#website","url":"https:\/\/www.hotelsoleriva.it\/de\/","name":"Hotel Sole","description":"Im Zentrum von Riva am Gardasee","publisher":{"@id":"https:\/\/www.hotelsoleriva.it\/de\/#organization"},"potentialAction":[{"@type":"SearchAction","target":{"@type":"EntryPoint","urlTemplate":"https:\/\/www.hotelsoleriva.it\/de\/?s={search_term_string}"},"query-input":{"@type":"PropertyValueSpecification","valueRequired":true,"valueName":"search_term_string"}}],"inLanguage":"de"},{"@type":"Organization","@id":"https:\/\/www.hotelsoleriva.it\/de\/#organization","name":"Hotel Sole","url":"https:\/\/www.hotelsoleriva.it\/de\/","logo":{"@type":"ImageObject","inLanguage":"de","@id":"https:\/\/www.hotelsoleriva.it\/de\/#\/schema\/logo\/image\/","url":"https:\/\/www.hotelsoleriva.it\/wp-content\/uploads\/2024\/03\/hotel-sole.png","contentUrl":"https:\/\/www.hotelsoleriva.it\/wp-content\/uploads\/2024\/03\/hotel-sole.png","width":1200,"height":330,"caption":"Hotel Sole"},"image":{"@id":"https:\/\/www.hotelsoleriva.it\/de\/#\/schema\/logo\/image\/"}}]}},"coauthors":[],"author_meta":{"author_link":"https:\/\/www.hotelsoleriva.it\/de\/author\/s0-l3\/","display_name":"Sole"},"relative_dates":{"created":"Posted 6\u00a0Jahren ago","modified":"Updated 6\u00a0Jahren ago"},"absolute_dates":{"created":"Posted on 27 Juli 2020","modified":"Updated on 4 August 2020"},"absolute_dates_time":{"created":"Posted on 27 Juli 2020 12:13","modified":"Updated on 4 August 2020 15:06"},"featured_img_caption":"","featured_img":"https:\/\/www.hotelsoleriva.it\/wp-content\/uploads\/2023\/05\/garda_guest_card-1200x800.jpg","series_order":"","_links":{"self":[{"href":"https:\/\/www.hotelsoleriva.it\/de\/wp-json\/wp\/v2\/pages\/1409","targetHints":{"allow":["GET"]}}],"collection":[{"href":"https:\/\/www.hotelsoleriva.it\/de\/wp-json\/wp\/v2\/pages"}],"about":[{"href":"https:\/\/www.hotelsoleriva.it\/de\/wp-json\/wp\/v2\/types\/page"}],"author":[{"embeddable":true,"href":"https:\/\/www.hotelsoleriva.it\/de\/wp-json\/wp\/v2\/users\/1"}],"replies":[{"embeddable":true,"href":"https:\/\/www.hotelsoleriva.it\/de\/wp-json\/wp\/v2\/comments?post=1409"}],"version-history":[{"count":0,"href":"https:\/\/www.hotelsoleriva.it\/de\/wp-json\/wp\/v2\/pages\/1409\/revisions"}],"wp:featuredmedia":[{"embeddable":true,"href":"https:\/\/www.hotelsoleriva.it\/de\/wp-json\/wp\/v2\/media\/3897"}],"wp:attachment":[{"href":"https:\/\/www.hotelsoleriva.it\/de\/wp-json\/wp\/v2\/media?parent=1409"}],"curies":[{"name":"wp","href":"https:\/\/api.w.org\/{rel}","templated":true}]}}