{"id":1493,"date":"2020-07-23T09:11:39","date_gmt":"2020-07-23T07:11:39","guid":{"rendered":"https:\/\/sole.promoservicebeta.com\/directions\/"},"modified":"2026-02-17T17:11:25","modified_gmt":"2026-02-17T16:11:25","slug":"anreise","status":"publish","type":"page","link":"https:\/\/www.hotelsoleriva.it\/de\/anreise\/","title":{"rendered":"Anreise"},"content":{"rendered":"<div  class=\"grids-section grids-is-advanced alignwide\" style=\"--_gs-gap-desktop:0px 0px;--_gs-m-desktop:0 0 0 0;--_gs-p-desktop:0 0 0 0;--_gs-bg-desktop:transparent none;--_gs-bg-xp-desktop:0px;--_gs-zi-desktop:1;--_gs-d-desktop:block;--_gs-mw-desktop:calc(100% - 0 - 0);--_gs-gap-tablet:0px 0px;--_gs-m-tablet:0 0 0 0;--_gs-p-tablet:0 0 0 0;--_gs-bg-tablet:transparent none;--_gs-bg-xp-tablet:0px;--_gs-zi-tablet:1;--_gs-d-tablet:block;--_gs-mw-tablet:calc(100% - 0 - 0);--_gs-gap-mobile:0px 0px;--_gs-m-mobile:0 0 0 0;--_gs-p-mobile:0 0 0 0;--_gs-bg-mobile:#ffffff none;--_gs-bg-xp-mobile:0px;--_gs-zi-mobile:1;--_gs-d-mobile:block;--_gs-mw-mobile:calc(100% - 0 - 0);--_gs-columns:12;--_gs-rows:6\"><div class=\"grids-s-w_i\">\n<div class=\"grids-area\" style=\"--_ga-column:1\/6;--_ga-row:1\/2;--_ga-m-desktop:0 15px 0 0;--_ga-p-desktop:30px 60px 30px 0;--_ga-bg-desktop:transparent none;--_ga-zi-desktop:auto;--_ga-d-desktop:flex;--_ga-mw-desktop:calc(100% - 0 - 15px);--_ga-m-tablet:0 15px 0 0;--_ga-p-tablet:30px 60px 30px 0;--_ga-bg-tablet:transparent none;--_ga-zi-tablet:auto;--_ga-d-tablet:flex;--_ga-mw-tablet:calc(100% - 0 - 15px);--_ga-m-mobile:0 15px 0 0;--_ga-p-mobile:30px 60px 30px 0;--_ga-bg-mobile:transparent none;--_ga-zi-mobile:auto;--_ga-d-mobile:flex;--_ga-mw-mobile:calc(100% - 0 - 15px)\">\n\n<h2 class=\"wp-block-heading\">Anreise<\/h2>\n\n\n\n<div style=\"height:20px\" aria-hidden=\"true\" class=\"wp-block-spacer\"><\/div>\n\n\n\n<p>Das Hotel Sole befindet sich auf der Piazza 3 Novembre, 35 Riva del Garda (TN).<\/p>\n\n\n\n<div class=\"wp-block-button is-style-outline\">\n  <a class=\"pulsante_comearrivare wp-block-button__link has-text-color has-background has-background-background-color\" href=\"https:\/\/www.google.com\/maps\/dir\/\/Piazza+III+Novembre,+19,+38066+Riva+del+Garda+TN\/data=!4m6!4m5!1m1!4e2!1m2!1m1!1s0x4782172752862d05:0xb9f46060fd13199f?sa=X&amp;ved=2ahUKEwiAn_2vrOPqAhXywosKHdbiAa0QwwUwAHoECAwQAw\" target=\"_blank\" rel=\"noopener noreferrer\">\n    <span class=\"posizione_icona icona_comearrivare material-icons\">\n    directions\n    <\/span>\n    <span class=\"testo_pulsante_comearrivare\">\nWegbeschreibung zum Hotel Sole<\/span><\/a><\/div>\n\n\n\n<div style=\"height:30px\" aria-hidden=\"true\" class=\"wp-block-spacer\"><\/div>\n\n\n\n<p>Wir weisen Sie darauf hin, dass das Hotel Sole sich in einer verkehrsberuhigten Zone (mit italienischer Abk\u00fcrzung ZTL gekennzeichnet) befindet, zu der man durch das Einfahrtstor 3 an Piazza Catena hineinfahren kann. <br>Die Zufahrt ist nur einmal am An- und Abreisetag beim Laden\/Entladen des Gep\u00e4cks erlaubt.<\/p>\n\n\n\n<p>Um die Genehmigung f\u00fcr die Zufahrt zur begrenzten Verkehrszone zu erhalten, muss daher das jeweilige Kfz-Kennzeichen beim Check-in gemeldet und an der Hotelrezeption die entsprechende Bescheinigung abgeholt werden.<\/p>\n\n\n\n<p><strong><strong><strong>Bei Nichteinhaltung dieses Verfahrens lehnt die Hotelleitung jegliche Verantwortung f\u00fcr Sanktionen ab.<\/strong><\/strong><\/strong><\/p>\n\n\n\n<div class=\"wp-block-buttons is-layout-flex wp-block-buttons-is-layout-flex\">\n<div class=\"wp-block-button\"><a class=\"wp-block-button__link has-background wp-element-button\" href=\"https:\/\/www.hotelsoleriva.it\/de\/parking\/\" style=\"background-color:#c3a269\">ERFAHREN SIE MEHR \u00dcBER PARKEN<\/a><\/div>\n<\/div>\n\n<\/div>\n\n<div class=\"grids-area\" style=\"--_ga-column:6\/13;--_ga-row:1\/2;--_ga-m-desktop:0 0 0 0;--_ga-p-desktop:60px 60px 60px 60px;--_ga-bg-desktop:#ebeff3 none;--_ga-zi-desktop:auto;--_ga-d-desktop:flex;--_ga-mw-desktop:calc(100% - 0 - 0);--_ga-m-tablet:0 0 0 0;--_ga-p-tablet:20px 20px 60px 20px;--_ga-bg-tablet:#ebeff3 none;--_ga-zi-tablet:auto;--_ga-d-tablet:flex;--_ga-mw-tablet:calc(100% - 0 - 0);--_ga-m-mobile:30px 0 0 0;--_ga-p-mobile:20px 20px 60px 20px;--_ga-bg-mobile:#ebeff3 none;--_ga-zi-mobile:auto;--_ga-d-mobile:flex;--_ga-mw-mobile:calc(100% - 0 - 0)\">\n\n<p><span class=\"posizione_icona auto_comearrivare material-icons\"> directions_car <\/span><strong class=\"icone_contatti\">  Mit dem Auto<\/strong><\/p>\n\n\n\n<p class=\"has-text-color\" style=\"color:#444444\">Mit dem Auto ist Riva del Garda am schnellsten \u00fcber die Autobahn A22 (Brennero &#8211; Modena) zu erreichen. Als Ausfahrt empfehlen wir Rovereto Sud-Lago di Garda, ca. 20 km von Riva del Garda entfernt.<\/p>\n\n\n\n<p><span class=\"posizione_icona auto_comearrivare material-icons\"> directions_bus <\/span> <strong class=\"icone_contatti\">  Mit dem Bus<\/strong><\/p>\n\n\n\n<p class=\"has-text-color\" style=\"color:#444444\">Es gibt eine Reihe von Direktverbindungen nach Riva del Garda: ab Trento und Rovereto (Autobus Trentino Trasporti); ab Verona und Desenzano (Autobus A.T.V.); ab Brescia (Autobus S.I.A) und in den Sommermonaten (von Mitte Juni bis Mitte September) auch von Venedig aus (Autobus A.T.V.) (dienstags, mittwochs und donnerstags einmal t\u00e4glich Riva 7:00 Uhr \u2013 Venedig 10:30 Uhr \/ Venedig 17:15 \u2013 Riva 20:20 Uhr).<\/p>\n\n\n\n<p><span class=\"posizione_icona auto_comearrivare material-icons\"> train <\/span> <strong class=\"icone_contatti\">  Mit dem<strong> Zug<\/strong><\/strong><\/p>\n\n\n\n<p class=\"has-text-color\" style=\"color:#444444\">Der n\u00e4chste Bahnhof befindet sich in Rovereto (Brennerstrecke), nur 20 km von Riva entfernt. <br>Rovereto und Riva del Garda sind \u00fcber den \u00f6ffentlichen Nahverkehr (Autobus Trentino Trasporti) verbunden. <br>F\u00fcr Anreisen von Mailand oder Venedig sind die Bahnh\u00f6fe von Desenzano, Peschiera und Verona zu empfehlen. <br>\u00dcber den \u00f6ffentlichen Nahverkehr A.T.V. gelangt man weiter nach Riva.<\/p>\n\n\n\n<p><span class=\"posizione_icona auto_comearrivare material-icons\"> flight_land <\/span> <strong class=\"icone_contatti\">  <strong>Mit dem Flugzeug<\/strong><\/strong><\/p>\n\n\n\n<div class=\"wp-block-group treni_chisiamo\"><div class=\"wp-block-group__inner-container is-layout-flow wp-block-group-is-layout-flow\">\n<div class=\"wp-block-group treni_chisiamo\"><div class=\"wp-block-group__inner-container is-layout-flow wp-block-group-is-layout-flow\">\n<div class=\"wp-block-group treni_comearrivare\"><div class=\"wp-block-group__inner-container is-layout-flow wp-block-group-is-layout-flow\">\n<div class=\"wp-block-group treni_comearrivare\"><div class=\"wp-block-group__inner-container is-layout-flow wp-block-group-is-layout-flow\">\n<div class=\"wp-block-columns are-vertically-aligned-top treni_comearrivare is-layout-flex wp-container-core-columns-is-layout-9d6595d7 wp-block-columns-is-layout-flex\">\n<div class=\"wp-block-column is-vertically-aligned-top is-layout-flow wp-block-column-is-layout-flow\">\n<p class=\"treni_comearrivare\">Verona \u2013 Villafranca V. Catullo \u2013 85 km<br>Brescia \u2013 Montichiari \u2013 75 km<br>Bergamo \u2013 Orio al Serio \u2013 130 km<\/p>\n<\/div>\n\n\n\n<div class=\"wp-block-column is-vertically-aligned-top is-layout-flow wp-block-column-is-layout-flow\">\n<div class=\"wp-block-group treni_comearrivare\"><div class=\"wp-block-group__inner-container is-layout-flow wp-block-group-is-layout-flow\">\n<p class=\"treni_comearrivare\">Milano \u2013 Linate \u2013 227 km<br>Milano \u2013 Malpensa \u2013 265 km<\/p>\n<\/div><\/div>\n<\/div>\n<\/div>\n<\/div><\/div>\n<\/div><\/div>\n<\/div><\/div>\n<\/div><\/div>\n\n\n\n\n\n\n\n\n\n<\/div>\n<\/div><\/div>\n\n<div  class=\"grids-section grids-is-advanced alignwide\" style=\"--_gs-gap-desktop:0px 0px;--_gs-m-desktop:0 0 0 0;--_gs-p-desktop:0 0 0 0;--_gs-bg-desktop:transparent none;--_gs-bg-xp-desktop:0px;--_gs-zi-desktop:auto;--_gs-d-desktop:block;--_gs-mw-desktop:calc(100% - 0 - 0);--_gs-gap-tablet:0px 0px;--_gs-m-tablet:0 0 0 0;--_gs-p-tablet:0 0 0 0;--_gs-bg-tablet:transparent none;--_gs-bg-xp-tablet:0px;--_gs-zi-tablet:auto;--_gs-d-tablet:block;--_gs-mw-tablet:calc(100% - 0 - 0);--_gs-gap-mobile:0px 0px;--_gs-m-mobile:0 0 0 0;--_gs-p-mobile:0 0 0 0;--_gs-bg-mobile:transparent none;--_gs-bg-xp-mobile:0px;--_gs-zi-mobile:auto;--_gs-d-mobile:block;--_gs-mw-mobile:calc(100% - 0 - 0);--_gs-columns:12;--_gs-rows:6\"><div class=\"grids-s-w_i\">\n<div class=\"grids-area\" style=\"--_ga-column:1\/13;--_ga-row:1\/2;--_ga-m-desktop:0 0 0 0;--_ga-p-desktop:0 0 0 0;--_ga-bg-desktop:transparent none;--_ga-zi-desktop:auto;--_ga-d-desktop:flex;--_ga-mw-desktop:calc(100% - 0 - 0);--_ga-m-tablet:0 0 0 0;--_ga-p-tablet:0 0 0 0;--_ga-bg-tablet:transparent none;--_ga-zi-tablet:auto;--_ga-d-tablet:flex;--_ga-mw-tablet:calc(100% - 0 - 0);--_ga-m-mobile:0 0 0 0;--_ga-p-mobile:0 0 0 0;--_ga-bg-mobile:transparent none;--_ga-zi-mobile:auto;--_ga-d-mobile:flex;--_ga-mw-mobile:calc(100% - 0 - 0)\">\n\n<iframe loading=\"lazy\" src=\"https:\/\/www.google.com\/maps\/embed?pb=!1m18!1m12!1m3!1d347.16721487902913!2d10.839826852469738!3d45.8845582867526!2m3!1f0!2f0!3f0!3m2!1i1024!2i768!4f13.1!3m3!1m2!1s0x4782172753d680cf%3A0x194402c1eb579b8!2sHotel%20Sole%20Relax%20%26%20Panorama!5e0!3m2!1sit!2sit!4v1602579231957!5m2!1sit!2sit\" width=\"100%\" height=\"450\" frameborder=\"0\" style=\"border:0;\" allowfullscreen=\"\" aria-hidden=\"false\" tabindex=\"0\"><\/iframe>\n\n<\/div>\n<\/div><\/div>\n\n\n<div class=\"conver-widget-v2\"\n     data-instance=\"conver-v2-2\">\n\n  <div class=\"chat-container\" id=\"chat-section\">\n\n    <div class=\"chat-header\">\n      <div class=\"chat-header-logo\">\n        <img decoding=\"async\"\n          src=\"https:\/\/www.hotelsoleriva.it\/wp-content\/themes\/jampaa\/template-parts\/ricerca-conversazionale-v2\/assets\/img\/logo-ricerca-conv.png\"\n          alt=\"\"\n        >\n        <span>Hallo<\/span>\n      <\/div>\n\n      <h2>Womit fangen wir an?<\/h2>\n    <\/div>\n\n    <!-- Chat -->\n    <div class=\"chat-box\"><\/div>\n\n    <!-- Loading -->\n    <div class=\"loading-conver hidden\" aria-hidden=\"true\">\n      <div class=\"dot\"><\/div><div class=\"dot\"><\/div><div class=\"dot\"><\/div>\n    <\/div>\n\n    <!-- Input -->\n    <div class=\"input-area-conver-wrapper\">\n      <div class=\"input-area-conver\">\n        <textarea\n          class=\"user-input-conver\"\n          placeholder=\"Stelle eine Frage...\"\n          rows=\"1\"\n        ><\/textarea>\n\n        <div class=\"box-btn-conver\">\n          <a class=\"send-btn-conver\" href=\"#\" role=\"button\" aria-label=\"AI Search\">\n            <i class=\"fa-light fa-magnifying-glass icon-search\" aria-hidden=\"true\"><\/i>\n            <i class=\"fa-regular fa-arrow-up icon-send hidden\" aria-hidden=\"true\"><\/i>\n            <span class=\"ai-search-text\">AI Search<\/span>\n          <\/a>\n\n          <i class=\"fa-light fa-close icon-erase hidden\" aria-hidden=\"true\"><\/i>\n        <\/div>\n      <\/div>\n    <\/div>\n    <span class=\"show-quick-questions hidden\">Zeige schnelle Fragen<\/span>\n\n    <!-- Domande rapide -->\n    <div class=\"entry-chats-wrapper\">\n      <button type=\"button\" class=\"entry-chat\" data-prompt=\"Ein Zimmer f\u00fcr zwei Personen buchen\">\n        Ein Zimmer f\u00fcr zwei Personen buchen      <\/button>\n\n      <button type=\"button\" class=\"entry-chat\" data-prompt=\"Entdecke die Angebote des Tages\">\n        Entdecke die Angebote des Tages      <\/button>\n\n      <button type=\"button\" class=\"entry-chat\" data-prompt=\"Entdecke die Zimmer\">\n        Entdecke die Zimmer      <\/button>\n\n      <button type=\"button\" class=\"entry-chat\" data-prompt=\"Entdecke den privaten Spa\">\n        Entdecke den privaten Spa      <\/button>\n    <\/div>\n\n  <\/div>\n<\/div>\n","protected":false},"excerpt":{"rendered":"","protected":false},"author":1,"featured_media":2101,"parent":0,"menu_order":0,"comment_status":"closed","ping_status":"closed","template":"templates\/template-full-width.php","meta":{"_acf_changed":false,"advgb_blocks_editor_width":"","advgb_blocks_columns_visual_guide":"","footnotes":""},"class_list":["post-1493","page","type-page","status-publish","has-post-thumbnail","hentry"],"acf":[],"yoast_head":"<!-- This site is optimized with the Yoast SEO plugin v25.7 - https:\/\/yoast.com\/wordpress\/plugins\/seo\/ -->\n<title>Anreise - Hotel Sole - Im Zentrum von Riva am Gardasee<\/title>\n<meta name=\"description\" content=\"L&#039;hotel Sole si trova in Piazza 3 Novembre, 19 Riva del Garda (TN). Si avvisano i gentili ospiti che l\u2019Hotel Sole si trova in una Zona a Traffico Limitato.\" \/>\n<meta name=\"robots\" content=\"index, follow, max-snippet:-1, max-image-preview:large, max-video-preview:-1\" \/>\n<link rel=\"canonical\" href=\"https:\/\/www.hotelsoleriva.it\/de\/anreise\/\" \/>\n<meta property=\"og:locale\" content=\"de_DE\" \/>\n<meta property=\"og:type\" content=\"article\" \/>\n<meta property=\"og:title\" content=\"Anreise - Hotel Sole - Im Zentrum von Riva am Gardasee\" \/>\n<meta property=\"og:description\" content=\"L&#039;hotel Sole si trova in Piazza 3 Novembre, 19 Riva del Garda (TN). Si avvisano i gentili ospiti che l\u2019Hotel Sole si trova in una Zona a Traffico Limitato.\" \/>\n<meta property=\"og:url\" content=\"https:\/\/www.hotelsoleriva.it\/de\/anreise\/\" \/>\n<meta property=\"og:site_name\" content=\"Hotel Sole\" \/>\n<meta property=\"article:modified_time\" content=\"2026-02-17T16:11:25+00:00\" \/>\n<meta property=\"og:image\" content=\"https:\/\/www.hotelsoleriva.it\/wp-content\/uploads\/2020\/08\/Hotel_Sole_Come_Arrivare.jpg\" \/>\n\t<meta property=\"og:image:width\" content=\"2000\" \/>\n\t<meta property=\"og:image:height\" content=\"470\" \/>\n\t<meta property=\"og:image:type\" content=\"image\/jpeg\" \/>\n<meta name=\"twitter:card\" content=\"summary_large_image\" \/>\n<meta name=\"twitter:label1\" content=\"Gesch\u00e4tzte Lesezeit\" \/>\n\t<meta name=\"twitter:data1\" content=\"2\u00a0Minuten\" \/>\n<script type=\"application\/ld+json\" class=\"yoast-schema-graph\">{\"@context\":\"https:\/\/schema.org\",\"@graph\":[{\"@type\":\"WebPage\",\"@id\":\"https:\/\/www.hotelsoleriva.it\/de\/anreise\/\",\"url\":\"https:\/\/www.hotelsoleriva.it\/de\/anreise\/\",\"name\":\"Anreise - Hotel Sole - Im Zentrum von Riva am Gardasee\",\"isPartOf\":{\"@id\":\"https:\/\/www.hotelsoleriva.it\/de\/#website\"},\"primaryImageOfPage\":{\"@id\":\"https:\/\/www.hotelsoleriva.it\/de\/anreise\/#primaryimage\"},\"image\":{\"@id\":\"https:\/\/www.hotelsoleriva.it\/de\/anreise\/#primaryimage\"},\"thumbnailUrl\":\"https:\/\/www.hotelsoleriva.it\/wp-content\/uploads\/2020\/08\/Hotel_Sole_Come_Arrivare.jpg\",\"datePublished\":\"2020-07-23T07:11:39+00:00\",\"dateModified\":\"2026-02-17T16:11:25+00:00\",\"description\":\"L'hotel Sole si trova in Piazza 3 Novembre, 19 Riva del Garda (TN). Si avvisano i gentili ospiti che l\u2019Hotel Sole si trova in una Zona a Traffico Limitato.\",\"breadcrumb\":{\"@id\":\"https:\/\/www.hotelsoleriva.it\/de\/anreise\/#breadcrumb\"},\"inLanguage\":\"de\",\"potentialAction\":[{\"@type\":\"ReadAction\",\"target\":[\"https:\/\/www.hotelsoleriva.it\/de\/anreise\/\"]}]},{\"@type\":\"ImageObject\",\"inLanguage\":\"de\",\"@id\":\"https:\/\/www.hotelsoleriva.it\/de\/anreise\/#primaryimage\",\"url\":\"https:\/\/www.hotelsoleriva.it\/wp-content\/uploads\/2020\/08\/Hotel_Sole_Come_Arrivare.jpg\",\"contentUrl\":\"https:\/\/www.hotelsoleriva.it\/wp-content\/uploads\/2020\/08\/Hotel_Sole_Come_Arrivare.jpg\",\"width\":2000,\"height\":470},{\"@type\":\"BreadcrumbList\",\"@id\":\"https:\/\/www.hotelsoleriva.it\/de\/anreise\/#breadcrumb\",\"itemListElement\":[{\"@type\":\"ListItem\",\"position\":1,\"name\":\"Home\",\"item\":\"https:\/\/www.hotelsoleriva.it\/de\/\"},{\"@type\":\"ListItem\",\"position\":2,\"name\":\"Anreise\"}]},{\"@type\":\"WebSite\",\"@id\":\"https:\/\/www.hotelsoleriva.it\/de\/#website\",\"url\":\"https:\/\/www.hotelsoleriva.it\/de\/\",\"name\":\"Hotel Sole\",\"description\":\"Im Zentrum von Riva am Gardasee\",\"publisher\":{\"@id\":\"https:\/\/www.hotelsoleriva.it\/de\/#organization\"},\"potentialAction\":[{\"@type\":\"SearchAction\",\"target\":{\"@type\":\"EntryPoint\",\"urlTemplate\":\"https:\/\/www.hotelsoleriva.it\/de\/?s={search_term_string}\"},\"query-input\":{\"@type\":\"PropertyValueSpecification\",\"valueRequired\":true,\"valueName\":\"search_term_string\"}}],\"inLanguage\":\"de\"},{\"@type\":\"Organization\",\"@id\":\"https:\/\/www.hotelsoleriva.it\/de\/#organization\",\"name\":\"Hotel Sole\",\"url\":\"https:\/\/www.hotelsoleriva.it\/de\/\",\"logo\":{\"@type\":\"ImageObject\",\"inLanguage\":\"de\",\"@id\":\"https:\/\/www.hotelsoleriva.it\/de\/#\/schema\/logo\/image\/\",\"url\":\"https:\/\/www.hotelsoleriva.it\/wp-content\/uploads\/2024\/03\/hotel-sole.png\",\"contentUrl\":\"https:\/\/www.hotelsoleriva.it\/wp-content\/uploads\/2024\/03\/hotel-sole.png\",\"width\":1200,\"height\":330,\"caption\":\"Hotel Sole\"},\"image\":{\"@id\":\"https:\/\/www.hotelsoleriva.it\/de\/#\/schema\/logo\/image\/\"}}]}<\/script>\n<!-- \/ Yoast SEO plugin. -->","yoast_head_json":{"title":"Anreise - Hotel Sole - Im Zentrum von Riva am Gardasee","description":"L'hotel Sole si trova in Piazza 3 Novembre, 19 Riva del Garda (TN). Si avvisano i gentili ospiti che l\u2019Hotel Sole si trova in una Zona a Traffico Limitato.","robots":{"index":"index","follow":"follow","max-snippet":"max-snippet:-1","max-image-preview":"max-image-preview:large","max-video-preview":"max-video-preview:-1"},"canonical":"https:\/\/www.hotelsoleriva.it\/de\/anreise\/","og_locale":"de_DE","og_type":"article","og_title":"Anreise - Hotel Sole - Im Zentrum von Riva am Gardasee","og_description":"L'hotel Sole si trova in Piazza 3 Novembre, 19 Riva del Garda (TN). Si avvisano i gentili ospiti che l\u2019Hotel Sole si trova in una Zona a Traffico Limitato.","og_url":"https:\/\/www.hotelsoleriva.it\/de\/anreise\/","og_site_name":"Hotel Sole","article_modified_time":"2026-02-17T16:11:25+00:00","og_image":[{"width":2000,"height":470,"url":"https:\/\/www.hotelsoleriva.it\/wp-content\/uploads\/2020\/08\/Hotel_Sole_Come_Arrivare.jpg","type":"image\/jpeg"}],"twitter_card":"summary_large_image","twitter_misc":{"Gesch\u00e4tzte Lesezeit":"2\u00a0Minuten"},"schema":{"@context":"https:\/\/schema.org","@graph":[{"@type":"WebPage","@id":"https:\/\/www.hotelsoleriva.it\/de\/anreise\/","url":"https:\/\/www.hotelsoleriva.it\/de\/anreise\/","name":"Anreise - Hotel Sole - Im Zentrum von Riva am Gardasee","isPartOf":{"@id":"https:\/\/www.hotelsoleriva.it\/de\/#website"},"primaryImageOfPage":{"@id":"https:\/\/www.hotelsoleriva.it\/de\/anreise\/#primaryimage"},"image":{"@id":"https:\/\/www.hotelsoleriva.it\/de\/anreise\/#primaryimage"},"thumbnailUrl":"https:\/\/www.hotelsoleriva.it\/wp-content\/uploads\/2020\/08\/Hotel_Sole_Come_Arrivare.jpg","datePublished":"2020-07-23T07:11:39+00:00","dateModified":"2026-02-17T16:11:25+00:00","description":"L'hotel Sole si trova in Piazza 3 Novembre, 19 Riva del Garda (TN). Si avvisano i gentili ospiti che l\u2019Hotel Sole si trova in una Zona a Traffico Limitato.","breadcrumb":{"@id":"https:\/\/www.hotelsoleriva.it\/de\/anreise\/#breadcrumb"},"inLanguage":"de","potentialAction":[{"@type":"ReadAction","target":["https:\/\/www.hotelsoleriva.it\/de\/anreise\/"]}]},{"@type":"ImageObject","inLanguage":"de","@id":"https:\/\/www.hotelsoleriva.it\/de\/anreise\/#primaryimage","url":"https:\/\/www.hotelsoleriva.it\/wp-content\/uploads\/2020\/08\/Hotel_Sole_Come_Arrivare.jpg","contentUrl":"https:\/\/www.hotelsoleriva.it\/wp-content\/uploads\/2020\/08\/Hotel_Sole_Come_Arrivare.jpg","width":2000,"height":470},{"@type":"BreadcrumbList","@id":"https:\/\/www.hotelsoleriva.it\/de\/anreise\/#breadcrumb","itemListElement":[{"@type":"ListItem","position":1,"name":"Home","item":"https:\/\/www.hotelsoleriva.it\/de\/"},{"@type":"ListItem","position":2,"name":"Anreise"}]},{"@type":"WebSite","@id":"https:\/\/www.hotelsoleriva.it\/de\/#website","url":"https:\/\/www.hotelsoleriva.it\/de\/","name":"Hotel Sole","description":"Im Zentrum von Riva am Gardasee","publisher":{"@id":"https:\/\/www.hotelsoleriva.it\/de\/#organization"},"potentialAction":[{"@type":"SearchAction","target":{"@type":"EntryPoint","urlTemplate":"https:\/\/www.hotelsoleriva.it\/de\/?s={search_term_string}"},"query-input":{"@type":"PropertyValueSpecification","valueRequired":true,"valueName":"search_term_string"}}],"inLanguage":"de"},{"@type":"Organization","@id":"https:\/\/www.hotelsoleriva.it\/de\/#organization","name":"Hotel Sole","url":"https:\/\/www.hotelsoleriva.it\/de\/","logo":{"@type":"ImageObject","inLanguage":"de","@id":"https:\/\/www.hotelsoleriva.it\/de\/#\/schema\/logo\/image\/","url":"https:\/\/www.hotelsoleriva.it\/wp-content\/uploads\/2024\/03\/hotel-sole.png","contentUrl":"https:\/\/www.hotelsoleriva.it\/wp-content\/uploads\/2024\/03\/hotel-sole.png","width":1200,"height":330,"caption":"Hotel Sole"},"image":{"@id":"https:\/\/www.hotelsoleriva.it\/de\/#\/schema\/logo\/image\/"}}]}},"coauthors":[],"author_meta":{"author_link":"https:\/\/www.hotelsoleriva.it\/de\/author\/s0-l3\/","display_name":"Sole"},"relative_dates":{"created":"Posted 6\u00a0Jahren ago","modified":"Updated 2\u00a0Monaten ago"},"absolute_dates":{"created":"Posted on 23 Juli 2020","modified":"Updated on 17 Februar 2026"},"absolute_dates_time":{"created":"Posted on 23 Juli 2020 09:11","modified":"Updated on 17 Februar 2026 17:11"},"featured_img_caption":"","featured_img":"https:\/\/www.hotelsoleriva.it\/wp-content\/uploads\/2020\/08\/Hotel_Sole_Come_Arrivare-1200x282.jpg","series_order":"","_links":{"self":[{"href":"https:\/\/www.hotelsoleriva.it\/de\/wp-json\/wp\/v2\/pages\/1493","targetHints":{"allow":["GET"]}}],"collection":[{"href":"https:\/\/www.hotelsoleriva.it\/de\/wp-json\/wp\/v2\/pages"}],"about":[{"href":"https:\/\/www.hotelsoleriva.it\/de\/wp-json\/wp\/v2\/types\/page"}],"author":[{"embeddable":true,"href":"https:\/\/www.hotelsoleriva.it\/de\/wp-json\/wp\/v2\/users\/1"}],"replies":[{"embeddable":true,"href":"https:\/\/www.hotelsoleriva.it\/de\/wp-json\/wp\/v2\/comments?post=1493"}],"version-history":[{"count":3,"href":"https:\/\/www.hotelsoleriva.it\/de\/wp-json\/wp\/v2\/pages\/1493\/revisions"}],"predecessor-version":[{"id":6047,"href":"https:\/\/www.hotelsoleriva.it\/de\/wp-json\/wp\/v2\/pages\/1493\/revisions\/6047"}],"wp:featuredmedia":[{"embeddable":true,"href":"https:\/\/www.hotelsoleriva.it\/de\/wp-json\/wp\/v2\/media\/2101"}],"wp:attachment":[{"href":"https:\/\/www.hotelsoleriva.it\/de\/wp-json\/wp\/v2\/media?parent=1493"}],"curies":[{"name":"wp","href":"https:\/\/api.w.org\/{rel}","templated":true}]}}