{"id":1718,"date":"2020-08-05T17:25:15","date_gmt":"2020-08-05T15:25:15","guid":{"rendered":"https:\/\/sole.promoservicebeta.com\/?page_id=1718"},"modified":"2026-02-17T17:18:39","modified_gmt":"2026-02-17T16:18:39","slug":"hotel","status":"publish","type":"page","link":"https:\/\/www.hotelsoleriva.it\/de\/hotel\/","title":{"rendered":"Hotel"},"content":{"rendered":"<div  class=\"grids-section grids-is-advanced alignwide\" style=\"--_gs-gap-desktop:0px 0px;--_gs-m-desktop:0px 0 0px 0;--_gs-p-desktop:0 0 0 0;--_gs-bg-desktop:transparent none;--_gs-bg-xp-desktop:0px;--_gs-zi-desktop:1;--_gs-d-desktop:block;--_gs-mw-desktop:calc(100% - 0 - 0);--_gs-gap-tablet:0px 0px;--_gs-m-tablet:0px 0 0px 0;--_gs-p-tablet:0 0 0 0;--_gs-bg-tablet:transparent none;--_gs-bg-xp-tablet:0px;--_gs-zi-tablet:1;--_gs-d-tablet:block;--_gs-mw-tablet:calc(100% - 0 - 0);--_gs-gap-mobile:0px 0px;--_gs-m-mobile:0px 0 0px 0;--_gs-p-mobile:0 0 0 0;--_gs-bg-mobile:#ffffff none;--_gs-bg-xp-mobile:0px;--_gs-zi-mobile:1;--_gs-d-mobile:block;--_gs-mw-mobile:calc(100% - 0 - 0);--_gs-columns:12;--_gs-rows:6\"><div class=\"grids-s-w_i\">\n<div class=\"grids-area\" style=\"--_ga-column:1\/7;--_ga-row:1\/2;--_ga-m-desktop:0 15px 0 0;--_ga-p-desktop:0 60px 0 0;--_ga-bg-desktop:transparent none;--_ga-zi-desktop:auto;--_ga-d-desktop:flex;--_ga-mw-desktop:calc(100% - 0 - 15px);--_ga-m-tablet:0 15px 0 0;--_ga-p-tablet:20px 20px 20px 20px;--_ga-bg-tablet:transparent none;--_ga-zi-tablet:auto;--_ga-d-tablet:flex;--_ga-mw-tablet:calc(100% - 0 - 15px);--_ga-m-mobile:0 15px 0 0;--_ga-p-mobile:20px 20px 20px 20px;--_ga-bg-mobile:transparent none;--_ga-zi-mobile:auto;--_ga-d-mobile:flex;--_ga-mw-mobile:calc(100% - 0 - 15px)\">\n\n<p class=\"small uppercase\">IDEAL F\u00dcR PAARE<\/p>\n\n\n\n<h2 class=\"wp-block-heading\">Hotel<\/h2>\n\n\n\n<div style=\"height:30px\" aria-hidden=\"true\" class=\"wp-block-spacer\"><\/div>\n\n\n\n<p class=\"has-text-color\">Das <strong>4Sterne Hotel Sole &#8211; Relax&amp;Panorama<\/strong> ist eines der historischen Hotels von Riva del Garda und wurde bereits im 19. Jahrhundert unter dem Namen \u201e<strong>Grand Hotel Sole D\u2019Oro<\/strong>\u201c er\u00f6ffnet.<\/p>\n\n\n\n<p>Das schicke Hotel ist <strong>direkt am See<\/strong> gelegen, in ruhiger, zentraler Lage, mit <strong>Blick auf den kleinen Hafen von Riva<\/strong>. Es ist ideal <strong>Freunde<\/strong>, die einen Urlaub im Zeichen des <strong>Sports<\/strong> verbringen m\u00f6chten, wie z.B. Mountainbike, Segeln, Surfen oder Klettern. <strong>Sonnenanbeter und \u201eBadenixen\u201c<\/strong> kommen hier voll auf ihre Kosten, denn die sch\u00f6nen Str\u00e4nde sind nur wenige Gehminuten vom Hotel entfernt. <\/p>\n\n\n\n<div style=\"height:30px\" aria-hidden=\"true\" class=\"wp-block-spacer\"><\/div>\n\n<\/div>\n\n<div class=\"grids-area\" style=\"--_ga-column:7\/13;--_ga-row:1\/2;--_ga-va:center;--_ga-m-desktop:0 0 0 0;--_ga-p-desktop:0 0 0 0;--_ga-bg-desktop:transparent none;--_ga-zi-desktop:auto;--_ga-d-desktop:flex;--_ga-mw-desktop:calc(100% - 0 - 0);--_ga-m-tablet:0 0 0 0;--_ga-p-tablet:0 0 0 0;--_ga-bg-tablet:transparent none;--_ga-zi-tablet:auto;--_ga-d-tablet:flex;--_ga-mw-tablet:calc(100% - 0 - 0);--_ga-m-mobile:0 0 0 0;--_ga-p-mobile:0 0 0 0;--_ga-bg-mobile:transparent none;--_ga-zi-mobile:auto;--_ga-d-mobile:flex;--_ga-mw-mobile:calc(100% - 0 - 0)\">\n\n<figure class=\"wp-block-image size-large\"><img decoding=\"async\" width=\"827\" height=\"704\" src=\"https:\/\/hotelsoleriva.it\/wp-content\/uploads\/2020\/08\/Hotel_Sole_Riva_intro_Hotel.png\" alt=\"\" class=\"wp-image-1708\" srcset=\"https:\/\/www.hotelsoleriva.it\/wp-content\/uploads\/2020\/08\/Hotel_Sole_Riva_intro_Hotel.png 827w, https:\/\/www.hotelsoleriva.it\/wp-content\/uploads\/2020\/08\/Hotel_Sole_Riva_intro_Hotel-300x255.png 300w, https:\/\/www.hotelsoleriva.it\/wp-content\/uploads\/2020\/08\/Hotel_Sole_Riva_intro_Hotel-768x654.png 768w\" sizes=\"(max-width: 827px) 100vw, 827px\" \/><\/figure>\n\n<\/div>\n\n<div class=\"grids-area\" style=\"--_ga-column:1\/7;--_ga-row:2\/3;--_ga-m-desktop:0 0 0 0;--_ga-p-desktop:0 0 0 0;--_ga-bg-desktop:transparent none;--_ga-zi-desktop:auto;--_ga-d-desktop:flex;--_ga-mw-desktop:calc(100% - 0 - 0);--_ga-m-tablet:0 0 0 0;--_ga-p-tablet:0 0 0 0;--_ga-bg-tablet:transparent none;--_ga-zi-tablet:auto;--_ga-d-tablet:flex;--_ga-mw-tablet:calc(100% - 0 - 0);--_ga-m-mobile:0 0 0 0;--_ga-p-mobile:0 0 0 0;--_ga-bg-mobile:transparent none;--_ga-zi-mobile:auto;--_ga-d-mobile:flex;--_ga-mw-mobile:calc(100% - 0 - 0)\">\n\n<p><strong>Ideal f\u00fcr Paare<\/strong><br>Es ist ideal f\u00fcr Paare, die entspannende Ferien verleben m\u00f6chten.<\/p>\n\n<\/div>\n\n<div class=\"grids-area\" style=\"--_ga-column:7\/13;--_ga-row:2\/3;--_ga-m-desktop:0 0 0 0;--_ga-p-desktop:0 0 0 0;--_ga-bg-desktop:transparent none;--_ga-zi-desktop:auto;--_ga-d-desktop:flex;--_ga-mw-desktop:calc(100% - 0 - 0);--_ga-m-tablet:0 0 0 0;--_ga-p-tablet:0 0 0 0;--_ga-bg-tablet:transparent none;--_ga-zi-tablet:auto;--_ga-d-tablet:flex;--_ga-mw-tablet:calc(100% - 0 - 0);--_ga-m-mobile:0 0 0 0;--_ga-p-mobile:0 0 0 0;--_ga-bg-mobile:transparent none;--_ga-zi-mobile:auto;--_ga-d-mobile:flex;--_ga-mw-mobile:calc(100% - 0 - 0)\">\n\n<p><strong>Sind Sie auf einer Gesch\u00e4ftsreise?<\/strong><br>Die <strong>N\u00e4he zu den Kongresszentren<\/strong> macht das Hotel Sole zur idealen Wahl f\u00fcr Gesch\u00e4ftsreisende, die den Aufenthalt mit ein paar Tagen Entspannung verbinden m\u00f6chten.<\/p>\n\n<\/div>\n<\/div><\/div>\n\n<div  class=\"grids-section fascia_spa grids-is-advanced alignfull\" style=\"--_gs-gap-desktop:0px 0px;--_gs-m-desktop:0px 0 -100px 0;--_gs-p-desktop:0 0 0 0;--_gs-bg-desktop:transparent none;--_gs-bg-xp-desktop:0px;--_gs-zi-desktop:auto;--_gs-d-desktop:block;--_gs-mw-desktop:calc(100% - 0 - 0);--_gs-gap-tablet:0px 0px;--_gs-m-tablet:0px 0 -100px 0;--_gs-p-tablet:0 0 0 0;--_gs-bg-tablet:transparent none;--_gs-bg-xp-tablet:0px;--_gs-zi-tablet:auto;--_gs-d-tablet:block;--_gs-mw-tablet:calc(100% - 0 - 0);--_gs-gap-mobile:0px 0px;--_gs-m-mobile:0px 0 -100px 0;--_gs-p-mobile:0 0 0 0;--_gs-bg-mobile:transparent none;--_gs-bg-xp-mobile:0px;--_gs-zi-mobile:auto;--_gs-d-mobile:block;--_gs-mw-mobile:calc(100% - 0 - 0);--_gs-columns:12;--_gs-rows:6\"><div class=\"grids-s-w_i\">\n<div class=\"grids-area\" style=\"--_ga-column:1\/13;--_ga-row:1\/4;--_ga-m-desktop:0 0 0 0;--_ga-p-desktop:0 0 0 0;--_ga-bg-desktop:transparent url(https:\/\/www.hotelsoleriva.it\/wp-content\/uploads\/2020\/10\/solescelta-1.jpg) no-repeat 50% 50%  \/ cover;--_ga-zi-desktop:auto;--_ga-d-desktop:flex;--_ga-mw-desktop:calc(100% - 0 - 0);--_ga-m-tablet:0 0 0 0;--_ga-p-tablet:0 0 0 0;--_ga-bg-tablet:transparent url(https:\/\/www.hotelsoleriva.it\/wp-content\/uploads\/2020\/10\/solescelta-1.jpg) no-repeat 50% 50%  \/ cover;--_ga-zi-tablet:auto;--_ga-d-tablet:flex;--_ga-mw-tablet:calc(100% - 0 - 0);--_ga-m-mobile:0 0 0 0;--_ga-p-mobile:0 0 0 0;--_ga-bg-mobile:transparent url(https:\/\/www.hotelsoleriva.it\/wp-content\/uploads\/2020\/10\/solescelta-1.jpg) no-repeat 50% 50%  \/ cover;--_ga-zi-mobile:auto;--_ga-d-mobile:flex;--_ga-mw-mobile:calc(100% - 0 - 0)\">\n\n<div style=\"height:100px\" aria-hidden=\"true\" class=\"wp-block-spacer\"><\/div>\n\n<\/div>\n\n<div class=\"grids-area\" style=\"--_ga-column:6\/12;--_ga-row:2\/3;--_ga-va:center;--_ga-m-desktop:0 0 0 0;--_ga-p-desktop:40px 40px 40px 40px;--_ga-bg-desktop:#ffffff none;--_ga-zi-desktop:auto;--_ga-d-desktop:flex;--_ga-mw-desktop:calc(100% - 0 - 0);--_ga-m-tablet:0 0 0 0;--_ga-p-tablet:40px 40px 40px 40px;--_ga-bg-tablet:#ffffff none;--_ga-zi-tablet:auto;--_ga-d-tablet:flex;--_ga-mw-tablet:calc(100% - 0 - 0);--_ga-m-mobile:0 30px 0 30px;--_ga-p-mobile:12px 12px 12px 12px;--_ga-bg-mobile:#ffffff none;--_ga-zi-mobile:auto;--_ga-d-mobile:flex;--_ga-mw-mobile:calc(100% - 30px - 30px)\">\n\n<p><strong>F\u00fcnf gute Gr\u00fcnde, Hotel Sole &#8211; Relax&amp;Panorama zu w\u00e4hlen:<br><\/strong><\/p>\n\n\n\n<ul class=\"wp-block-list\">\n<li><strong>Ganz g\u00fcnstige Lage<\/strong> im Stadtzentrum von Riva, direkt am Gardasee, 200 m vom Strand<\/li>\n\n\n\n<li><strong>Private Spa <\/strong>mit Whirlpool<\/li>\n\n\n\n<li><strong>Fr\u00fchst\u00fccksterrasse mit Blick<\/strong> auf den See<\/li>\n\n\n\n<li><strong>Panorama-Solariumterrasse<\/strong><\/li>\n\n\n\n<li><strong>Private Garage<\/strong><\/li>\n<\/ul>\n\n\n<a style=\"display: inline-block;\" href=\"https:\/\/simplebooking.hotelsoleriva.it\/ibe2\/hotel\/5520?lang=DE&cur=EUR\" class=\"btn\" target=\"_blank\">Verf\u00fcgbarkeit pr\u00fcfen<\/a>\n\n<\/div>\n\n<div class=\"grids-area\" style=\"--_ga-column:1\/13;--_ga-row:1\/2;--_ga-m-desktop:0 0 0 0;--_ga-p-desktop:0 0 0 0;--_ga-bg-desktop:transparent none;--_ga-zi-desktop:auto;--_ga-d-desktop:flex;--_ga-mw-desktop:calc(100% - 0 - 0);--_ga-m-tablet:0 0 0 0;--_ga-p-tablet:0 0 0 0;--_ga-bg-tablet:transparent none;--_ga-zi-tablet:auto;--_ga-d-tablet:flex;--_ga-mw-tablet:calc(100% - 0 - 0);--_ga-m-mobile:0 0 0 0;--_ga-p-mobile:0 0 0 0;--_ga-bg-mobile:transparent none;--_ga-zi-mobile:auto;--_ga-d-mobile:flex;--_ga-mw-mobile:calc(100% - 0 - 0)\">\n\n<div style=\"height:100px\" aria-hidden=\"true\" class=\"wp-block-spacer padding-fascia\"><\/div>\n\n<\/div>\n\n<div class=\"grids-area\" style=\"--_ga-column:1\/13;--_ga-row:3\/4;--_ga-m-desktop:0 0 0 0;--_ga-p-desktop:0 0 0 0;--_ga-bg-desktop:transparent none;--_ga-zi-desktop:auto;--_ga-d-desktop:flex;--_ga-mw-desktop:calc(100% - 0 - 0);--_ga-m-tablet:0 0 0 0;--_ga-p-tablet:0 0 0 0;--_ga-bg-tablet:transparent none;--_ga-zi-tablet:auto;--_ga-d-tablet:flex;--_ga-mw-tablet:calc(100% - 0 - 0);--_ga-m-mobile:0 0 0 0;--_ga-p-mobile:0 0 0 0;--_ga-bg-mobile:transparent none;--_ga-zi-mobile:auto;--_ga-d-mobile:flex;--_ga-mw-mobile:calc(100% - 0 - 0)\">\n\n<div style=\"height:100px\" aria-hidden=\"true\" class=\"wp-block-spacer padding-fascia\"><\/div>\n\n<\/div>\n<\/div><\/div>\n\n\n<div class=\"conver-widget-v2\"\n     data-instance=\"conver-v2-2\">\n\n  <div class=\"chat-container\" id=\"chat-section\">\n\n    <div class=\"chat-header\">\n      <div class=\"chat-header-logo\">\n        <img decoding=\"async\"\n          src=\"https:\/\/www.hotelsoleriva.it\/wp-content\/themes\/jampaa\/template-parts\/ricerca-conversazionale-v2\/assets\/img\/logo-ricerca-conv.png\"\n          alt=\"\"\n        >\n        <span>Hallo<\/span>\n      <\/div>\n\n      <h2>Womit fangen wir an?<\/h2>\n    <\/div>\n\n    <!-- Chat -->\n    <div class=\"chat-box\"><\/div>\n\n    <!-- Loading -->\n    <div class=\"loading-conver hidden\" aria-hidden=\"true\">\n      <div class=\"dot\"><\/div><div class=\"dot\"><\/div><div class=\"dot\"><\/div>\n    <\/div>\n\n    <!-- Input -->\n    <div class=\"input-area-conver-wrapper\">\n      <div class=\"input-area-conver\">\n        <textarea\n          class=\"user-input-conver\"\n          placeholder=\"Stelle eine Frage...\"\n          rows=\"1\"\n        ><\/textarea>\n\n        <div class=\"box-btn-conver\">\n          <a class=\"send-btn-conver\" href=\"#\" role=\"button\" aria-label=\"AI Search\">\n            <i class=\"fa-light fa-magnifying-glass icon-search\" aria-hidden=\"true\"><\/i>\n            <i class=\"fa-regular fa-arrow-up icon-send hidden\" aria-hidden=\"true\"><\/i>\n            <span class=\"ai-search-text\">AI Search<\/span>\n          <\/a>\n\n          <i class=\"fa-light fa-close icon-erase hidden\" aria-hidden=\"true\"><\/i>\n        <\/div>\n      <\/div>\n    <\/div>\n    <span class=\"show-quick-questions hidden\">Zeige schnelle Fragen<\/span>\n\n    <!-- Domande rapide -->\n    <div class=\"entry-chats-wrapper\">\n      <button type=\"button\" class=\"entry-chat\" data-prompt=\"Ein Zimmer f\u00fcr zwei Personen buchen\">\n        Ein Zimmer f\u00fcr zwei Personen buchen      <\/button>\n\n      <button type=\"button\" class=\"entry-chat\" data-prompt=\"Entdecke die Angebote des Tages\">\n        Entdecke die Angebote des Tages      <\/button>\n\n      <button type=\"button\" class=\"entry-chat\" data-prompt=\"Entdecke die Zimmer\">\n        Entdecke die Zimmer      <\/button>\n\n      <button type=\"button\" class=\"entry-chat\" data-prompt=\"Entdecke den privaten Spa\">\n        Entdecke den privaten Spa      <\/button>\n    <\/div>\n\n  <\/div>\n<\/div>\n\n\n\n\n","protected":false},"excerpt":{"rendered":"","protected":false},"author":1,"featured_media":2105,"parent":0,"menu_order":0,"comment_status":"closed","ping_status":"closed","template":"templates\/template-full-width.php","meta":{"_acf_changed":false,"advgb_blocks_editor_width":"","advgb_blocks_columns_visual_guide":"","footnotes":""},"class_list":["post-1718","page","type-page","status-publish","has-post-thumbnail","hentry"],"acf":[],"yoast_head":"<!-- This site is optimized with the Yoast SEO plugin v25.7 - https:\/\/yoast.com\/wordpress\/plugins\/seo\/ -->\n<title>Hotel - Hotel Sole<\/title>\n<meta name=\"robots\" content=\"index, follow, max-snippet:-1, max-image-preview:large, max-video-preview:-1\" \/>\n<link rel=\"canonical\" href=\"https:\/\/www.hotelsoleriva.it\/de\/hotel\/\" \/>\n<meta property=\"og:locale\" content=\"de_DE\" \/>\n<meta property=\"og:type\" content=\"article\" \/>\n<meta property=\"og:title\" content=\"Hotel - Hotel Sole\" \/>\n<meta property=\"og:url\" content=\"https:\/\/www.hotelsoleriva.it\/de\/hotel\/\" \/>\n<meta property=\"og:site_name\" content=\"Hotel Sole\" \/>\n<meta property=\"article:modified_time\" content=\"2026-02-17T16:18:39+00:00\" \/>\n<meta property=\"og:image\" content=\"https:\/\/www.hotelsoleriva.it\/wp-content\/uploads\/2020\/08\/Hotel_Sole_presentazione_hotel.jpg\" \/>\n\t<meta property=\"og:image:width\" content=\"2000\" \/>\n\t<meta property=\"og:image:height\" content=\"470\" \/>\n\t<meta property=\"og:image:type\" content=\"image\/jpeg\" \/>\n<meta name=\"twitter:card\" content=\"summary_large_image\" \/>\n<meta name=\"twitter:label1\" content=\"Gesch\u00e4tzte Lesezeit\" \/>\n\t<meta name=\"twitter:data1\" content=\"2\u00a0Minuten\" \/>\n<script type=\"application\/ld+json\" class=\"yoast-schema-graph\">{\"@context\":\"https:\/\/schema.org\",\"@graph\":[{\"@type\":\"WebPage\",\"@id\":\"https:\/\/www.hotelsoleriva.it\/de\/hotel\/\",\"url\":\"https:\/\/www.hotelsoleriva.it\/de\/hotel\/\",\"name\":\"Hotel - Hotel Sole\",\"isPartOf\":{\"@id\":\"https:\/\/www.hotelsoleriva.it\/de\/#website\"},\"primaryImageOfPage\":{\"@id\":\"https:\/\/www.hotelsoleriva.it\/de\/hotel\/#primaryimage\"},\"image\":{\"@id\":\"https:\/\/www.hotelsoleriva.it\/de\/hotel\/#primaryimage\"},\"thumbnailUrl\":\"https:\/\/www.hotelsoleriva.it\/wp-content\/uploads\/2020\/08\/Hotel_Sole_presentazione_hotel.jpg\",\"datePublished\":\"2020-08-05T15:25:15+00:00\",\"dateModified\":\"2026-02-17T16:18:39+00:00\",\"breadcrumb\":{\"@id\":\"https:\/\/www.hotelsoleriva.it\/de\/hotel\/#breadcrumb\"},\"inLanguage\":\"de\",\"potentialAction\":[{\"@type\":\"ReadAction\",\"target\":[\"https:\/\/www.hotelsoleriva.it\/de\/hotel\/\"]}]},{\"@type\":\"ImageObject\",\"inLanguage\":\"de\",\"@id\":\"https:\/\/www.hotelsoleriva.it\/de\/hotel\/#primaryimage\",\"url\":\"https:\/\/www.hotelsoleriva.it\/wp-content\/uploads\/2020\/08\/Hotel_Sole_presentazione_hotel.jpg\",\"contentUrl\":\"https:\/\/www.hotelsoleriva.it\/wp-content\/uploads\/2020\/08\/Hotel_Sole_presentazione_hotel.jpg\",\"width\":2000,\"height\":470},{\"@type\":\"BreadcrumbList\",\"@id\":\"https:\/\/www.hotelsoleriva.it\/de\/hotel\/#breadcrumb\",\"itemListElement\":[{\"@type\":\"ListItem\",\"position\":1,\"name\":\"Home\",\"item\":\"https:\/\/www.hotelsoleriva.it\/de\/\"},{\"@type\":\"ListItem\",\"position\":2,\"name\":\"Hotel\"}]},{\"@type\":\"WebSite\",\"@id\":\"https:\/\/www.hotelsoleriva.it\/de\/#website\",\"url\":\"https:\/\/www.hotelsoleriva.it\/de\/\",\"name\":\"Hotel Sole\",\"description\":\"Im Zentrum von Riva am Gardasee\",\"publisher\":{\"@id\":\"https:\/\/www.hotelsoleriva.it\/de\/#organization\"},\"potentialAction\":[{\"@type\":\"SearchAction\",\"target\":{\"@type\":\"EntryPoint\",\"urlTemplate\":\"https:\/\/www.hotelsoleriva.it\/de\/?s={search_term_string}\"},\"query-input\":{\"@type\":\"PropertyValueSpecification\",\"valueRequired\":true,\"valueName\":\"search_term_string\"}}],\"inLanguage\":\"de\"},{\"@type\":\"Organization\",\"@id\":\"https:\/\/www.hotelsoleriva.it\/de\/#organization\",\"name\":\"Hotel Sole\",\"url\":\"https:\/\/www.hotelsoleriva.it\/de\/\",\"logo\":{\"@type\":\"ImageObject\",\"inLanguage\":\"de\",\"@id\":\"https:\/\/www.hotelsoleriva.it\/de\/#\/schema\/logo\/image\/\",\"url\":\"https:\/\/www.hotelsoleriva.it\/wp-content\/uploads\/2024\/03\/hotel-sole.png\",\"contentUrl\":\"https:\/\/www.hotelsoleriva.it\/wp-content\/uploads\/2024\/03\/hotel-sole.png\",\"width\":1200,\"height\":330,\"caption\":\"Hotel Sole\"},\"image\":{\"@id\":\"https:\/\/www.hotelsoleriva.it\/de\/#\/schema\/logo\/image\/\"}}]}<\/script>\n<!-- \/ Yoast SEO plugin. -->","yoast_head_json":{"title":"Hotel - Hotel Sole","robots":{"index":"index","follow":"follow","max-snippet":"max-snippet:-1","max-image-preview":"max-image-preview:large","max-video-preview":"max-video-preview:-1"},"canonical":"https:\/\/www.hotelsoleriva.it\/de\/hotel\/","og_locale":"de_DE","og_type":"article","og_title":"Hotel - Hotel Sole","og_url":"https:\/\/www.hotelsoleriva.it\/de\/hotel\/","og_site_name":"Hotel Sole","article_modified_time":"2026-02-17T16:18:39+00:00","og_image":[{"width":2000,"height":470,"url":"https:\/\/www.hotelsoleriva.it\/wp-content\/uploads\/2020\/08\/Hotel_Sole_presentazione_hotel.jpg","type":"image\/jpeg"}],"twitter_card":"summary_large_image","twitter_misc":{"Gesch\u00e4tzte Lesezeit":"2\u00a0Minuten"},"schema":{"@context":"https:\/\/schema.org","@graph":[{"@type":"WebPage","@id":"https:\/\/www.hotelsoleriva.it\/de\/hotel\/","url":"https:\/\/www.hotelsoleriva.it\/de\/hotel\/","name":"Hotel - Hotel Sole","isPartOf":{"@id":"https:\/\/www.hotelsoleriva.it\/de\/#website"},"primaryImageOfPage":{"@id":"https:\/\/www.hotelsoleriva.it\/de\/hotel\/#primaryimage"},"image":{"@id":"https:\/\/www.hotelsoleriva.it\/de\/hotel\/#primaryimage"},"thumbnailUrl":"https:\/\/www.hotelsoleriva.it\/wp-content\/uploads\/2020\/08\/Hotel_Sole_presentazione_hotel.jpg","datePublished":"2020-08-05T15:25:15+00:00","dateModified":"2026-02-17T16:18:39+00:00","breadcrumb":{"@id":"https:\/\/www.hotelsoleriva.it\/de\/hotel\/#breadcrumb"},"inLanguage":"de","potentialAction":[{"@type":"ReadAction","target":["https:\/\/www.hotelsoleriva.it\/de\/hotel\/"]}]},{"@type":"ImageObject","inLanguage":"de","@id":"https:\/\/www.hotelsoleriva.it\/de\/hotel\/#primaryimage","url":"https:\/\/www.hotelsoleriva.it\/wp-content\/uploads\/2020\/08\/Hotel_Sole_presentazione_hotel.jpg","contentUrl":"https:\/\/www.hotelsoleriva.it\/wp-content\/uploads\/2020\/08\/Hotel_Sole_presentazione_hotel.jpg","width":2000,"height":470},{"@type":"BreadcrumbList","@id":"https:\/\/www.hotelsoleriva.it\/de\/hotel\/#breadcrumb","itemListElement":[{"@type":"ListItem","position":1,"name":"Home","item":"https:\/\/www.hotelsoleriva.it\/de\/"},{"@type":"ListItem","position":2,"name":"Hotel"}]},{"@type":"WebSite","@id":"https:\/\/www.hotelsoleriva.it\/de\/#website","url":"https:\/\/www.hotelsoleriva.it\/de\/","name":"Hotel Sole","description":"Im Zentrum von Riva am Gardasee","publisher":{"@id":"https:\/\/www.hotelsoleriva.it\/de\/#organization"},"potentialAction":[{"@type":"SearchAction","target":{"@type":"EntryPoint","urlTemplate":"https:\/\/www.hotelsoleriva.it\/de\/?s={search_term_string}"},"query-input":{"@type":"PropertyValueSpecification","valueRequired":true,"valueName":"search_term_string"}}],"inLanguage":"de"},{"@type":"Organization","@id":"https:\/\/www.hotelsoleriva.it\/de\/#organization","name":"Hotel Sole","url":"https:\/\/www.hotelsoleriva.it\/de\/","logo":{"@type":"ImageObject","inLanguage":"de","@id":"https:\/\/www.hotelsoleriva.it\/de\/#\/schema\/logo\/image\/","url":"https:\/\/www.hotelsoleriva.it\/wp-content\/uploads\/2024\/03\/hotel-sole.png","contentUrl":"https:\/\/www.hotelsoleriva.it\/wp-content\/uploads\/2024\/03\/hotel-sole.png","width":1200,"height":330,"caption":"Hotel Sole"},"image":{"@id":"https:\/\/www.hotelsoleriva.it\/de\/#\/schema\/logo\/image\/"}}]}},"coauthors":[],"author_meta":{"author_link":"https:\/\/www.hotelsoleriva.it\/de\/author\/s0-l3\/","display_name":"Sole"},"relative_dates":{"created":"Posted 6\u00a0Jahren ago","modified":"Updated 2\u00a0Monaten ago"},"absolute_dates":{"created":"Posted on 5 August 2020","modified":"Updated on 17 Februar 2026"},"absolute_dates_time":{"created":"Posted on 5 August 2020 17:25","modified":"Updated on 17 Februar 2026 17:18"},"featured_img_caption":"","featured_img":"https:\/\/www.hotelsoleriva.it\/wp-content\/uploads\/2020\/08\/Hotel_Sole_presentazione_hotel-1200x282.jpg","series_order":"","_links":{"self":[{"href":"https:\/\/www.hotelsoleriva.it\/de\/wp-json\/wp\/v2\/pages\/1718","targetHints":{"allow":["GET"]}}],"collection":[{"href":"https:\/\/www.hotelsoleriva.it\/de\/wp-json\/wp\/v2\/pages"}],"about":[{"href":"https:\/\/www.hotelsoleriva.it\/de\/wp-json\/wp\/v2\/types\/page"}],"author":[{"embeddable":true,"href":"https:\/\/www.hotelsoleriva.it\/de\/wp-json\/wp\/v2\/users\/1"}],"replies":[{"embeddable":true,"href":"https:\/\/www.hotelsoleriva.it\/de\/wp-json\/wp\/v2\/comments?post=1718"}],"version-history":[{"count":1,"href":"https:\/\/www.hotelsoleriva.it\/de\/wp-json\/wp\/v2\/pages\/1718\/revisions"}],"predecessor-version":[{"id":6066,"href":"https:\/\/www.hotelsoleriva.it\/de\/wp-json\/wp\/v2\/pages\/1718\/revisions\/6066"}],"wp:featuredmedia":[{"embeddable":true,"href":"https:\/\/www.hotelsoleriva.it\/de\/wp-json\/wp\/v2\/media\/2105"}],"wp:attachment":[{"href":"https:\/\/www.hotelsoleriva.it\/de\/wp-json\/wp\/v2\/media?parent=1718"}],"curies":[{"name":"wp","href":"https:\/\/api.w.org\/{rel}","templated":true}]}}